{"id":14,"date":"2023-12-03T15:55:00","date_gmt":"2023-12-03T16:55:00","guid":{"rendered":"https:\/\/www.inscripcions.clubcoc.cat\/?page_id=14"},"modified":"2023-12-05T22:01:12","modified_gmt":"2023-12-05T23:01:12","slug":"refund_returns","status":"publish","type":"page","link":"https:\/\/www.inscripcions.clubcoc.cat\/es\/refund_returns\/","title":{"rendered":"Pol\u00edtica de devoluciones"},"content":{"rendered":"<h2 class=\"wp-block-heading\">Cuota de socio y Licencia federativa<\/h2>\n\n\n\n<p>Pidiendo la inscripci\u00f3n como socio del club, y efectuando el pago por este medio, \u00e9sta se entiende como definitiva y, por tanto, no da derecho a ninguna devoluci\u00f3n ni reembolso. Tambi\u00e9n es de aplicaci\u00f3n a la solicitud de licencia federativa, de la que el club s\u00f3lo es intermediario obligatorio.<\/p>\n\n\n\n<p><\/p>","protected":false},"excerpt":{"rendered":"<p>Cuota de socio y Licencia federativa Pidiendo la inscripci\u00f3n como socio del club, y [\u2026]<\/p>","protected":false},"author":1,"featured_media":0,"parent":0,"menu_order":0,"comment_status":"closed","ping_status":"closed","template":"","meta":{"footnotes":""},"class_list":["post-14","page","type-page","status-publish","hentry"],"_links":{"self":[{"href":"https:\/\/www.inscripcions.clubcoc.cat\/es\/wp-json\/wp\/v2\/pages\/14","targetHints":{"allow":["GET"]}}],"collection":[{"href":"https:\/\/www.inscripcions.clubcoc.cat\/es\/wp-json\/wp\/v2\/pages"}],"about":[{"href":"https:\/\/www.inscripcions.clubcoc.cat\/es\/wp-json\/wp\/v2\/types\/page"}],"author":[{"embeddable":true,"href":"https:\/\/www.inscripcions.clubcoc.cat\/es\/wp-json\/wp\/v2\/users\/1"}],"replies":[{"embeddable":true,"href":"https:\/\/www.inscripcions.clubcoc.cat\/es\/wp-json\/wp\/v2\/comments?post=14"}],"version-history":[{"count":0,"href":"https:\/\/www.inscripcions.clubcoc.cat\/es\/wp-json\/wp\/v2\/pages\/14\/revisions"}],"wp:attachment":[{"href":"https:\/\/www.inscripcions.clubcoc.cat\/es\/wp-json\/wp\/v2\/media?parent=14"}],"curies":[{"name":"wp","href":"https:\/\/api.w.org\/{rel}","templated":true}]}}