{"id":253,"date":"2023-12-03T18:44:20","date_gmt":"2023-12-03T19:44:20","guid":{"rendered":"https:\/\/www.inscripcions.clubcoc.cat\/aviso-legal\/"},"modified":"2025-03-23T23:45:14","modified_gmt":"2025-03-23T21:45:14","slug":"avis-legal","status":"publish","type":"page","link":"https:\/\/www.inscripcions.clubcoc.cat\/es\/avis-legal\/","title":{"rendered":"Aviso legal"},"content":{"rendered":"<h2 class=\"wp-block-heading\">Identificaci\u00f3n y Titularidad<\/h2>\n\n\n\n<p>En cumplimiento del art\u00edculo 10 de la Ley 34\/2002, de 11 de julio, de Servicios de la Sociedad de la Informaci\u00f3n y el Comercio Electr\u00f3nico, el Titular expone sus datos identificativos:<\/p>\n\n\n\n<ul class=\"wp-block-list\">\n<li><strong>Titular:<\/strong>&nbsp; Club Orientaci\u00f3n Catalu\u00f1a.<\/li>\n\n\n\n<li><strong>NIF:<\/strong>&nbsp;G59943829<\/li>\n\n\n\n<li><strong>Domicilio:<\/strong>&nbsp; Tenor Masini, 93 y 5to A, Barcelona \u2013 Espa\u00f1a.<\/li>\n\n\n\n<li><strong>Correo electr\u00f3nico:<\/strong>&nbsp; club@clubcoc.cat<\/li>\n\n\n\n<li><strong>Sitio Web:<\/strong>&nbsp;&nbsp;<a href=\"https:\/\/www.inscripcions.clubcoc.cat\/es\/\">https:\/\/www.inscripcions.clubcoc.cat<\/a><\/li>\n<\/ul>\n\n\n\n<h2 class=\"wp-block-heading\">Finalidad<\/h2>\n\n\n\n<p>La finalidad del Sitio Web es: Inscripci\u00f3ns club Orientaci\u00f3 Catalunya.<\/p>\n\n\n\n<h2 class=\"wp-block-heading\">Condiciones de uso<\/h2>\n\n\n\n<p>La utilizaci\u00f3n del sitio web otorga la condici\u00f3n de usuario, implicando la aceptaci\u00f3n completa de todas las cl\u00e1usulas y condiciones de uso incluidas en esta p\u00e1gina.<br>Si no estuviera conforme con todas y cada una de estas cl\u00e1usulas y condiciones es necesario que se abstenga de utilizar el Sitio Web.<br>El acceso al Sitio Web no supone, en modo alguno, el inicio de una relaci\u00f3n comercial con el Titular.<br><br>A trav\u00e9s del Sitio Web, el Titular le facilita el acceso y utilizaci\u00f3n de diversos contenidos que el Titular y\/o sus colaboradores han publicado a trav\u00e9s de Internet.<br>A tal efecto, est\u00e1 obligado y comprometido a NO utilizar cualquiera de los contenidos del Sitio Web con fines o efectos il\u00edcitos, prohibidos en este Aviso Legal o por la legislaci\u00f3n vigente, de los derechos e intereses de terceros, o que de cualquier forma puedan da\u00f1ar, inutilizar, sobrecargar, deteriorar o impedir la utilizaci\u00f3n normal de los contenidos, equipos inform\u00e1ticos o documentos, archivos y toda clase de contenidos almacenados en cualquier equipo inform\u00e1tico propios o contratados por el Titular, de otros usuarios o de cualquier usuario de Internet .<\/p>\n\n\n\n<h2 class=\"wp-block-heading\">Medidas de seguridad<\/h2>\n\n\n\n<p>Los datos personales que faciliten al Titular pueden ser almacenados en bases de datos automatizados o no, su titularidad corresponde exclusivamente al Titular, que asume todas las medidas de \u00edndole t\u00e9cnica, organizativa y de seguridad que garantizan la confidencialidad, la integridad y la calidad de la informaci\u00f3n contenida en las mismas de acuerdo con lo establecido en la normativa vigente en protecci\u00f3n de datos.<br>Sin embargo, debe ser consciente de las medidas de seguridad de los sistemas inform\u00e1ticos en Internet, no son fiables y que, por tanto, el Titular no puede garantizar la inexistencia de virus u otros elementos que puedan producir alteraciones en los sistemas inform\u00e1ticos (software y hardware) del usuario o en sus documentos electr\u00f3nicos y archivos contenidos en los mismos, aunque el Titular pone todos los medios necesarios y toma las medidas de seguridad oportunas para evitar la presencia de estos elementos da\u00f1os.<\/p>\n\n\n\n<h2 class=\"wp-block-heading\">Contenidos<\/h2>\n\n\n\n<p>El Titular ha obtenido la informaci\u00f3n, el contenido multimedia y los materiales incluidos en el sitio web de fuentes que considera fiables, pero si bien ha tomado todas las medidas razonables para asegurarse de que la informaci\u00f3n contenida es correcta, el Titular no garantiza que sea exacta. , completa o actualizada. El Titular declina expresamente cualquier responsabilidad por error u omisi\u00f3n en la informaci\u00f3n contenida en las p\u00e1ginas del sitio Web.<br>Queda prohibido transmitir o enviar a trav\u00e9s del sitio web cualquier contenido ilegal o il\u00edcito, virus inform\u00e1ticos, o mensajes que, en general, afecten o violen derechos del Titular o de terceros.<br>Los contenidos del Sitio Web tienen \u00fanicamente una finalidad informativa y bajo ninguna circunstancia deben utilizarse ni considerarse como oferta de venta, solicitar una oferta de compra ni recomendaci\u00f3n para realizar cualquier otra operaci\u00f3n, salvo que as\u00ed sea indique expresamente.<br>El Titular se reserva el derecho a modificar, suspender, cancelar o restringir el contenido del Sitio Web, los v\u00ednculos o la informaci\u00f3n obtenida a trav\u00e9s del Sitio Web, sin necesidad de previo aviso.<br>El Titular no es responsable de los da\u00f1os y perjuicios que pudieran derivarse de la utilizaci\u00f3n de la informaci\u00f3n del Sitio Web.<\/p>\n\n\n\n<h2 class=\"wp-block-heading\">Pol\u00edtica de cookies<\/h2>\n\n\n\n<p>El Titular obtiene y conserva la siguiente informaci\u00f3n sobre los visitantes del Sitio Web:<\/p>\n\n\n\n<ul class=\"wp-block-list\">\n<li>El nombre de dominio del proveedor (PSI) y\/o direcci\u00f3n IP que les da acceso a la red.<\/li>\n\n\n\n<li>La fecha y hora de acceso al sitio web.<\/li>\n\n\n\n<li>La direcci\u00f3n de Internet origen del enlace que dirige el sitio Web.<\/li>\n\n\n\n<li>El n\u00famero de visitantes diarios de cada secci\u00f3n.<\/li>\n\n\n\n<li>La informaci\u00f3n obtenida es totalmente an\u00f3nima, y en ning\u00fan caso puede asociarse a un usuario concreto e identificado.<\/li>\n<\/ul>\n\n\n\n<h2 class=\"wp-block-heading\">Enlaza a otros sitios web<\/h2>\n\n\n\n<p>El Titular puede proporcionar el acceso a sitios web de terceros mediante enlaces con la finalidad exclusiva de informaci\u00f3n sobre la existencia de otras fuentes de informaci\u00f3n en Internet a las que podr\u00e1 ampliar los datos ofrecidos en el Sitio web.<br>Estos enlaces a otros sitios web no suponen en ning\u00fan caso una sugerencia o recomendaci\u00f3n para que visite las p\u00e1ginas web de destino, que est\u00e1n fuera del control del Titular, por lo que el Titular no es responsable del contenido de los sitios web vinculados ni del resultado que obtuve al seguir los enlaces. Asimismo, el Titular no responde del enlace o enlaces situados en los sitios web vinculados a los que proporciona acceso.<br>El establecimiento del enlace no implica en ning\u00fan caso la existencia de relaciones entre el Titular y el propietario del sitio en el que se establece el enlace, ni la aceptaci\u00f3n o aprobaci\u00f3n por parte del Titular de sus contenidos o servicios .<br>Si accede a un sitio web externo desde un enlace que encuentra en el sitio web, deber\u00e1 leer la pol\u00edtica de privacidad del otro sitio web que puede ser diferente a este sitio web.<\/p>\n\n\n\n<h2 class=\"wp-block-heading\">Propiedad intelectual e industrial<\/h2>\n\n\n\n<p>Todos los derechos est\u00e1n reservados.<br>Todo acceso a este sitio web est\u00e1 sujeto a las siguientes condiciones: la reproducci\u00f3n, almacenamiento permanente y difusi\u00f3n de los contenidos o cualquier otro uso que tenga finalidad p\u00fablica o comercial queda expresamente prohibida sin<br>consentimiento previo y expreso del titular de la propiedad intelectual e industrial.<\/p>\n\n\n\n<h2 class=\"wp-block-heading\">Limitaci\u00f3n de responsabilidad<\/h2>\n\n\n\n<p>La informaci\u00f3n y servicios incluidos o disponibles a trav\u00e9s del sitio web pueden incluir incorrecciones o errores tipogr\u00e1ficos. De forma peri\u00f3dica el Titular incorpora mejoras y\/o cambios en la informaci\u00f3n contenida y\/o los Servicios que puede introducir en cualquier momento.<br>El Titular no declara ni garantiza que los servicios o contenidos sean interrumpidas o que est\u00e9n libres de errores, que los errores sean corregidos, o que el servicio o servidor que pone a disposici\u00f3n est\u00e9n libres de virus u otros componentes nocivos sin perjuicio del hecho que el Titular realiza todos los esfuerzos por evitar este tipo de incidentes.<br>El Titular declina cualquier responsabilidad en caso de que existan interrupciones o mal funcionamiento de los servicios o contenidos ofrecidos en Internet, cualquiera que sea su causa. Igualmente. El Titular no se hace responsable de las ca\u00eddas de la red, p\u00e9rdidas de negocio a consecuencia de las ca\u00eddas, suspensiones temporales de fluido el\u00e9ctrico o cualquier otro tipo de da\u00f1o indirecto que pueda ser causado por causas ajenas al Titular.<br>Antes de tomar decisiones y\/o acciones en base a la informaci\u00f3n incluida en el sitio Web, el Titular le recomienda comprobar y contrastar la informaci\u00f3n recibida con otras fuentes.<\/p>\n\n\n\n<h2 class=\"wp-block-heading\">Jurisdicci\u00f3n<\/h2>\n\n\n\n<p>Este Aviso Legal se regula de forma integral por la legislaci\u00f3n espa\u00f1ola.<br>Siempre que no exista una norma que obligue a otra cosa, para cuantas preguntas se susciten sobre la interpretaci\u00f3n, aplicaci\u00f3n y cumplimiento de este Aviso Legal, as\u00ed como las reclamaciones que puedan derivarse de su uso, las partes acuerdan que la jurisdicci\u00f3n aplicable ser\u00e1 la de los juzgados y tribunales de la provincia de Barcelona, renunciando a cualquier otra jurisdicci\u00f3n que pudiera corresponderle. <\/p>\n\n\n\n<h2 class=\"wp-block-heading\">Contacto<\/h2>\n\n\n\n<p>En caso de que tenga cualquier duda sobre este Aviso Legal o si desea realizar cualquier comentario sobre el Sitio Web, puede enviar un mensaje de correo electr\u00f3nico a la direcci\u00f3n: <a href=\"mailto:club@clubcoc.cat\">club@clubcoc.cat  <\/a><\/p>\n\n\n\n<p><\/p>","protected":false},"excerpt":{"rendered":"<p>Identificaci\u00f3n y Titularidad En cumplimiento del art\u00edculo 10 de la Ley 34\/2002, de 11 de julio, [\u2026]<\/p>","protected":false},"author":1,"featured_media":0,"parent":0,"menu_order":0,"comment_status":"closed","ping_status":"closed","template":"","meta":{"footnotes":""},"class_list":["post-253","page","type-page","status-publish","hentry"],"_links":{"self":[{"href":"https:\/\/www.inscripcions.clubcoc.cat\/es\/wp-json\/wp\/v2\/pages\/253","targetHints":{"allow":["GET"]}}],"collection":[{"href":"https:\/\/www.inscripcions.clubcoc.cat\/es\/wp-json\/wp\/v2\/pages"}],"about":[{"href":"https:\/\/www.inscripcions.clubcoc.cat\/es\/wp-json\/wp\/v2\/types\/page"}],"author":[{"embeddable":true,"href":"https:\/\/www.inscripcions.clubcoc.cat\/es\/wp-json\/wp\/v2\/users\/1"}],"replies":[{"embeddable":true,"href":"https:\/\/www.inscripcions.clubcoc.cat\/es\/wp-json\/wp\/v2\/comments?post=253"}],"version-history":[{"count":2,"href":"https:\/\/www.inscripcions.clubcoc.cat\/es\/wp-json\/wp\/v2\/pages\/253\/revisions"}],"predecessor-version":[{"id":3010,"href":"https:\/\/www.inscripcions.clubcoc.cat\/es\/wp-json\/wp\/v2\/pages\/253\/revisions\/3010"}],"wp:attachment":[{"href":"https:\/\/www.inscripcions.clubcoc.cat\/es\/wp-json\/wp\/v2\/media?parent=253"}],"curies":[{"name":"wp","href":"https:\/\/api.w.org\/{rel}","templated":true}]}}