{"id":11,"date":"2023-11-21T20:54:40","date_gmt":"2023-11-21T20:54:40","guid":{"rendered":"https:\/\/www.inscripcions.clubcoc.cat\/cart\/"},"modified":"2024-09-11T19:13:53","modified_gmt":"2024-09-11T18:13:53","slug":"cart","status":"publish","type":"page","link":"https:\/\/www.inscripcions.clubcoc.cat\/fr\/cart\/","title":{"rendered":"Panier"},"content":{"rendered":"<div data-block-name=\"woocommerce\/cart\" class=\"wp-block-woocommerce-cart alignwide is-loading\">\n<div data-block-name=\"woocommerce\/filled-cart-block\" class=\"wp-block-woocommerce-filled-cart-block\">\n<div data-block-name=\"woocommerce\/cart-items-block\" class=\"wp-block-woocommerce-cart-items-block\">\n<div data-block-name=\"woocommerce\/cart-line-items-block\" class=\"wp-block-woocommerce-cart-line-items-block\"><\/div>\n\n\n\n<div data-block-name=\"woocommerce\/cart-cross-sells-block\" class=\"wp-block-woocommerce-cart-cross-sells-block\">\n<h2 class=\"wp-block-heading has-large-font-size\">Vous pourriez \u00eatre int\u00e9ress\u00e9 par\u2026<\/h2>\n\n\n\n<div data-block-name=\"woocommerce\/cart-cross-sells-products-block\" class=\"wp-block-woocommerce-cart-cross-sells-products-block\"><\/div>\n<\/div>\n<\/div>\n\n\n\n<div data-block-name=\"woocommerce\/cart-totals-block\" class=\"wp-block-woocommerce-cart-totals-block\">\n<div data-block-name=\"woocommerce\/cart-order-summary-block\" class=\"wp-block-woocommerce-cart-order-summary-block\">\n<div data-block-name=\"woocommerce\/cart-order-summary-heading-block\" data-content=\"Total de la cistella\" class=\"wp-block-woocommerce-cart-order-summary-heading-block\"><\/div>\n\n\n\n<div data-block-name=\"woocommerce\/cart-order-summary-coupon-form-block\" class=\"wp-block-woocommerce-cart-order-summary-coupon-form-block\"><\/div>\n\n\n\n<div data-block-name=\"woocommerce\/cart-order-summary-totals-block\" class=\"wp-block-woocommerce-cart-order-summary-totals-block\">\n<div data-block-name=\"woocommerce\/cart-order-summary-subtotal-block\" class=\"wp-block-woocommerce-cart-order-summary-subtotal-block\"><\/div>\n\n\n\n<div data-block-name=\"woocommerce\/cart-order-summary-fee-block\" class=\"wp-block-woocommerce-cart-order-summary-fee-block\"><\/div>\n\n\n\n<div data-block-name=\"woocommerce\/cart-order-summary-discount-block\" class=\"wp-block-woocommerce-cart-order-summary-discount-block\"><\/div>\n\n\n\n<div data-block-name=\"woocommerce\/cart-order-summary-shipping-block\" class=\"wp-block-woocommerce-cart-order-summary-shipping-block\"><\/div>\n\n\n\n<div data-block-name=\"woocommerce\/cart-order-summary-taxes-block\" class=\"wp-block-woocommerce-cart-order-summary-taxes-block\"><\/div>\n<\/div>\n<\/div>\n\n\n\n<div data-block-name=\"woocommerce\/cart-express-payment-block\" class=\"wp-block-woocommerce-cart-express-payment-block\"><\/div>\n\n\n\n<div data-block-name=\"woocommerce\/proceed-to-checkout-block\" data-button-label=\"ANAR AL PAGAMENT\" class=\"wp-block-woocommerce-proceed-to-checkout-block\"><\/div>\n\n\n\n<div data-block-name=\"woocommerce\/cart-accepted-payment-methods-block\" class=\"wp-block-woocommerce-cart-accepted-payment-methods-block\"><\/div>\n<\/div>\n<\/div>\n\n\n\n<div data-block-name=\"woocommerce\/empty-cart-block\" class=\"wp-block-woocommerce-empty-cart-block\">\n<h2 class=\"wp-block-heading has-text-align-center with-empty-cart-icon wc-block-cart__empty-cart__title\">Votre panier est vide !<\/h2>\n\n\n\n<hr class=\"wp-block-separator has-alpha-channel-opacity is-style-dots\"\/>\n\n\n\n<h2 class=\"wp-block-heading has-text-align-center\">!!!!!!!!!!!!!!<\/h2>\n\n\n<div data-block-name=\"woocommerce\/product-new\" data-columns=\"4\" data-rows=\"1\" class=\"wc-block-grid wp-block-product-new wp-block-woocommerce-product-new wc-block-product-new has-4-columns\"><ul class=\"wc-block-grid__products\"><li class=\"wc-block-grid__product\">\n\t\t\t\t<a href=\"https:\/\/www.inscripcions.clubcoc.cat\/fr\/product\/2-dies-de-masella-xxiv-trofeu-carles-llado-ii-trofeu-vila-de-puigcerda-dorientacio\/\" class=\"wc-block-grid__product-link\">\n\t\t\t\t\t\n\t\t\t\t\t<div class=\"wc-block-grid__product-image\"><img loading=\"lazy\" decoding=\"async\" width=\"300\" height=\"425\" src=\"https:\/\/www.inscripcions.clubcoc.cat\/wp-content\/uploads\/2026\/03\/CARTELL-MASELLA-2026-300x425.png\" class=\"attachment-woocommerce_thumbnail size-woocommerce_thumbnail\" alt=\"2 DIES DE MASELLA - XXIV TROFEU CARLES LLAD\u00d3 - II TROFEU VILA DE PUIGCERD\u00c1 D&#039;ORIENTACI\u00d3\" srcset=\"https:\/\/www.inscripcions.clubcoc.cat\/wp-content\/uploads\/2026\/03\/CARTELL-MASELLA-2026-300x425.png 300w, https:\/\/www.inscripcions.clubcoc.cat\/wp-content\/uploads\/2026\/03\/CARTELL-MASELLA-2026-212x300.png 212w, https:\/\/www.inscripcions.clubcoc.cat\/wp-content\/uploads\/2026\/03\/CARTELL-MASELLA-2026-106x150.png 106w, https:\/\/www.inscripcions.clubcoc.cat\/wp-content\/uploads\/2026\/03\/CARTELL-MASELLA-2026-8x12.png 8w, https:\/\/www.inscripcions.clubcoc.cat\/wp-content\/uploads\/2026\/03\/CARTELL-MASELLA-2026.png 632w\" sizes=\"auto, (max-width: 300px) 100vw, 300px\" \/><\/div>\n\t\t\t\t\t<div class=\"wc-block-grid__product-title\">2 JOURS DE MASELLA \u2013 XXIV TROPH\u00c9E CARLES LLAD\u00d3 \u2013 II TROPH\u00c9E VILA DE PUIGCERD\u00c1 POUR ORIENTATION<\/div>\n\t\t\t\t<\/a>\n\t\t\t\t<div class=\"wc-block-grid__product-price price\"><span class=\"wapf-price-replace\">R\u00c9DUCTION SUR LE 1ER TRAINAGE JUSQU&#039;AU 17\/05\/2026<\/span><\/div>\n\t\t\t\t\n\t\t\t\t<div class=\"wp-block-button wc-block-grid__product-add-to-cart\"><a href=\"https:\/\/www.inscripcions.clubcoc.cat\/fr\/product\/2-dies-de-masella-xxiv-trofeu-carles-llado-ii-trofeu-vila-de-puigcerda-dorientacio\/\" aria-label=\"Ajouter au panier : \u00ab 2 DIES DE MASELLA - XXIV TROFEU CARLES LLAD\u00d3 - II TROFEU VILA DE PUIGCERD\u00c1 D&#039;ORIENTACI\u00d3 \u00bb\" data-quantity=\"1\" data-product_id=\"4179\" data-product_sku=\"\" data-price=\"0\" rel=\"nofollow\" class=\"wp-block-button__link  add_to_cart_button\" data-no-translation-aria-label=\"\">ACC\u00c9DER<\/a><\/div>\n\t\t\t<\/li><li class=\"wc-block-grid__product\">\n\t\t\t\t<a href=\"https:\/\/www.inscripcions.clubcoc.cat\/fr\/product\/quota-de-soci-i-llicencia-2026-club-orientacio-catalunya\/\" class=\"wc-block-grid__product-link\">\n\t\t\t\t\t\n\t\t\t\t\t<div class=\"wc-block-grid__product-image\"><img loading=\"lazy\" decoding=\"async\" width=\"300\" height=\"261\" src=\"https:\/\/www.inscripcions.clubcoc.cat\/wp-content\/uploads\/2025\/12\/LOGO-INSCRIPC-2026-1-300x261.png\" class=\"attachment-woocommerce_thumbnail size-woocommerce_thumbnail\" alt=\"QUOTA DE SOCI I LLIC\u00c8NCIA 2026 CLUB ORIENTACI\u00d3 CATALUNYA\" srcset=\"https:\/\/www.inscripcions.clubcoc.cat\/wp-content\/uploads\/2025\/12\/LOGO-INSCRIPC-2026-1-300x261.png 300w, https:\/\/www.inscripcions.clubcoc.cat\/wp-content\/uploads\/2025\/12\/LOGO-INSCRIPC-2026-1-150x131.png 150w, https:\/\/www.inscripcions.clubcoc.cat\/wp-content\/uploads\/2025\/12\/LOGO-INSCRIPC-2026-1-14x12.png 14w, https:\/\/www.inscripcions.clubcoc.cat\/wp-content\/uploads\/2025\/12\/LOGO-INSCRIPC-2026-1.png 387w\" sizes=\"auto, (max-width: 300px) 100vw, 300px\" \/><\/div>\n\t\t\t\t\t<div class=\"wc-block-grid__product-title\">COTISATION ET FRAIS DE LICENCE 2026 CLUB D&#039;ORIENTATION DE CATALOGNE<\/div>\n\t\t\t\t<\/a>\n\t\t\t\t<div class=\"wc-block-grid__product-price price\"><\/div>\n\t\t\t\t\n\t\t\t\t<div class=\"wp-block-button wc-block-grid__product-add-to-cart\"><a href=\"https:\/\/www.inscripcions.clubcoc.cat\/fr\/product\/quota-de-soci-i-llicencia-2026-club-orientacio-catalunya\/\" aria-label=\"Ajouter au panier : \u00ab QUOTA DE SOCI I LLIC\u00c8NCIA 2026 CLUB ORIENTACI\u00d3 CATALUNYA \u00bb\" data-quantity=\"1\" data-product_id=\"3896\" data-product_sku=\"\" data-price=\"0\" rel=\"nofollow\" class=\"wp-block-button__link  add_to_cart_button\" data-no-translation-aria-label=\"\">ACC\u00c9DER<\/a><\/div>\n\t\t\t<\/li><li class=\"wc-block-grid__product\">\n\t\t\t\t<a href=\"https:\/\/www.inscripcions.clubcoc.cat\/fr\/product\/pagament-al-coc\/\" class=\"wc-block-grid__product-link\">\n\t\t\t\t\t\n\t\t\t\t\t<div class=\"wc-block-grid__product-image\"><img loading=\"lazy\" decoding=\"async\" width=\"300\" height=\"229\" src=\"https:\/\/www.inscripcions.clubcoc.cat\/wp-content\/uploads\/2024\/06\/Pagaments-al-club-3-300x229.png\" class=\"attachment-woocommerce_thumbnail size-woocommerce_thumbnail\" alt=\"PAGAMENTS AL COC &lt;br&gt;\" srcset=\"https:\/\/www.inscripcions.clubcoc.cat\/wp-content\/uploads\/2024\/06\/Pagaments-al-club-3-300x229.png 300w, https:\/\/www.inscripcions.clubcoc.cat\/wp-content\/uploads\/2024\/06\/Pagaments-al-club-3-150x115.png 150w, https:\/\/www.inscripcions.clubcoc.cat\/wp-content\/uploads\/2024\/06\/Pagaments-al-club-3-16x12.png 16w, https:\/\/www.inscripcions.clubcoc.cat\/wp-content\/uploads\/2024\/06\/Pagaments-al-club-3.png 393w\" sizes=\"auto, (max-width: 300px) 100vw, 300px\" \/><\/div>\n\t\t\t\t\t<div class=\"wc-block-grid__product-title\">PAIEMENTS AU COC <br><\/div>\n\t\t\t\t<\/a>\n\t\t\t\t<div class=\"wc-block-grid__product-price price\"><\/div>\n\t\t\t\t\n\t\t\t\t<div class=\"wp-block-button wc-block-grid__product-add-to-cart\"><a href=\"https:\/\/www.inscripcions.clubcoc.cat\/fr\/product\/pagament-al-coc\/\" aria-label=\"Ajouter au panier : \u00ab PAGAMENTS AL COC &lt;br&gt; \u00bb\" data-quantity=\"1\" data-product_id=\"1993\" data-product_sku=\"\" data-price=\"0.001\" rel=\"nofollow\" class=\"wp-block-button__link  add_to_cart_button\" data-no-translation-aria-label=\"\">ACC\u00c9DER<\/a><\/div>\n\t\t\t<\/li><\/ul><\/div><\/div>\n<\/div>","protected":false},"excerpt":{"rendered":"","protected":false},"author":1,"featured_media":0,"parent":0,"menu_order":20,"comment_status":"closed","ping_status":"closed","template":"template-full-width.php","meta":{"footnotes":""},"class_list":["post-11","page","type-page","status-publish","hentry"],"_links":{"self":[{"href":"https:\/\/www.inscripcions.clubcoc.cat\/fr\/wp-json\/wp\/v2\/pages\/11","targetHints":{"allow":["GET"]}}],"collection":[{"href":"https:\/\/www.inscripcions.clubcoc.cat\/fr\/wp-json\/wp\/v2\/pages"}],"about":[{"href":"https:\/\/www.inscripcions.clubcoc.cat\/fr\/wp-json\/wp\/v2\/types\/page"}],"author":[{"embeddable":true,"href":"https:\/\/www.inscripcions.clubcoc.cat\/fr\/wp-json\/wp\/v2\/users\/1"}],"replies":[{"embeddable":true,"href":"https:\/\/www.inscripcions.clubcoc.cat\/fr\/wp-json\/wp\/v2\/comments?post=11"}],"version-history":[{"count":0,"href":"https:\/\/www.inscripcions.clubcoc.cat\/fr\/wp-json\/wp\/v2\/pages\/11\/revisions"}],"wp:attachment":[{"href":"https:\/\/www.inscripcions.clubcoc.cat\/fr\/wp-json\/wp\/v2\/media?parent=11"}],"curies":[{"name":"wp","href":"https:\/\/api.w.org\/{rel}","templated":true}]}}