{"id":14,"date":"2023-12-03T15:55:00","date_gmt":"2023-12-03T16:55:00","guid":{"rendered":"https:\/\/www.inscripcions.clubcoc.cat\/?page_id=14"},"modified":"2023-12-05T22:01:12","modified_gmt":"2023-12-05T23:01:12","slug":"refund_returns","status":"publish","type":"page","link":"https:\/\/www.inscripcions.clubcoc.cat\/fr\/refund_returns\/","title":{"rendered":"Politique de retour"},"content":{"rendered":"<h2 class=\"wp-block-heading\">Cotisation et licence f\u00e9d\u00e9rale<\/h2>\n\n\n\n<p>Demander l&#039;inscription en tant que membre du club et effectuer le paiement par ce moyen est consid\u00e9r\u00e9 comme d\u00e9finitif et ne donne donc droit \u00e0 aucun retour ou remboursement. Elle est \u00e9galement applicable \u00e0 la demande de licence f\u00e9d\u00e9rale, pour laquelle le club n&#039;est qu&#039;un interm\u00e9diaire obligatoire.<\/p>\n\n\n\n<p><\/p>","protected":false},"excerpt":{"rendered":"<p>Cotisation et licence f\u00e9d\u00e9rative Demande d&#039;inscription en tant que membre du club, et [...]<\/p>","protected":false},"author":1,"featured_media":0,"parent":0,"menu_order":0,"comment_status":"closed","ping_status":"closed","template":"","meta":{"footnotes":""},"class_list":["post-14","page","type-page","status-publish","hentry"],"_links":{"self":[{"href":"https:\/\/www.inscripcions.clubcoc.cat\/fr\/wp-json\/wp\/v2\/pages\/14","targetHints":{"allow":["GET"]}}],"collection":[{"href":"https:\/\/www.inscripcions.clubcoc.cat\/fr\/wp-json\/wp\/v2\/pages"}],"about":[{"href":"https:\/\/www.inscripcions.clubcoc.cat\/fr\/wp-json\/wp\/v2\/types\/page"}],"author":[{"embeddable":true,"href":"https:\/\/www.inscripcions.clubcoc.cat\/fr\/wp-json\/wp\/v2\/users\/1"}],"replies":[{"embeddable":true,"href":"https:\/\/www.inscripcions.clubcoc.cat\/fr\/wp-json\/wp\/v2\/comments?post=14"}],"version-history":[{"count":0,"href":"https:\/\/www.inscripcions.clubcoc.cat\/fr\/wp-json\/wp\/v2\/pages\/14\/revisions"}],"wp:attachment":[{"href":"https:\/\/www.inscripcions.clubcoc.cat\/fr\/wp-json\/wp\/v2\/media?parent=14"}],"curies":[{"name":"wp","href":"https:\/\/api.w.org\/{rel}","templated":true}]}}