{"id":253,"date":"2023-12-03T18:44:20","date_gmt":"2023-12-03T19:44:20","guid":{"rendered":"https:\/\/www.inscripcions.clubcoc.cat\/aviso-legal\/"},"modified":"2025-03-23T23:45:14","modified_gmt":"2025-03-23T21:45:14","slug":"avis-legal","status":"publish","type":"page","link":"https:\/\/www.inscripcions.clubcoc.cat\/fr\/avis-legal\/","title":{"rendered":"Mentions l\u00e9gales"},"content":{"rendered":"<h2 class=\"wp-block-heading\">Identification et propri\u00e9t\u00e9<\/h2>\n\n\n\n<p>Conform\u00e9ment \u00e0 l&#039;article 10 de la loi 34\/2002 du 11 juillet relative aux services de la soci\u00e9t\u00e9 de l&#039;information et du commerce \u00e9lectronique, le titulaire expose ses donn\u00e9es d&#039;identification\u00a0:<\/p>\n\n\n\n<ul class=\"wp-block-list\">\n<li><strong>Titulaire:<\/strong>&nbsp; Club d&#039;Orientation de Catalogne.<\/li>\n\n\n\n<li><strong>NIF\u00a0:<\/strong>&nbsp;G59943829<\/li>\n\n\n\n<li><strong>Domicile:<\/strong>&nbsp; Tenor Masini, 93 E 5to A, Barcelone \u2013 Espagne.<\/li>\n\n\n\n<li><strong>E-mail:<\/strong>&nbsp; club@clubcoc.cat<\/li>\n\n\n\n<li><strong>Site web:<\/strong>&nbsp;&nbsp;<a href=\"https:\/\/www.inscripcions.clubcoc.cat\/fr\/\">https:\/\/www.inscripcions.clubcoc.cat<\/a><\/li>\n<\/ul>\n\n\n\n<h2 class=\"wp-block-heading\">but<\/h2>\n\n\n\n<p>Le but du site Internet est : Inscripci\u00f3n club Orientaci\u00f3 Catalunya.<\/p>\n\n\n\n<h2 class=\"wp-block-heading\">Conditions d&#039;utilisation<\/h2>\n\n\n\n<p>L&#039;utilisation du site Web conf\u00e8re la qualit\u00e9 d&#039;utilisateur et implique l&#039;acceptation pleine et enti\u00e8re de toutes les clauses et conditions d&#039;utilisation incluses dans cette page.<br>Si vous n&#039;\u00eates pas d&#039;accord avec chacune de ces clauses et conditions, vous devez vous abstenir d&#039;utiliser le Site Web.<br>L&#039;acc\u00e8s au Site n&#039;implique en aucun cas le d\u00e9but d&#039;une relation commerciale avec le Titulaire.<br><br>Gr\u00e2ce au Site Web, le Propri\u00e9taire facilite l&#039;acc\u00e8s et l&#039;utilisation de divers contenus que le Propri\u00e9taire et\/ou ses collaborateurs ont publi\u00e9s via Internet.<br>\u00c0 cette fin, vous \u00eates oblig\u00e9 et engag\u00e9 \u00e0 NE PAS utiliser le contenu du site Web \u00e0 des fins ou \u00e0 des effets illicites, interdits par les pr\u00e9sentes mentions l\u00e9gales ou par la l\u00e9gislation en vigueur, les droits et int\u00e9r\u00eats de tiers, ou qui pourraient de quelque mani\u00e8re que ce soit nuire , rendre inutile, surcharger, d\u00e9t\u00e9riorer ou emp\u00eacher l&#039;utilisation normale des contenus, \u00e9quipements informatiques ou documents, fichiers et tout type de contenu stock\u00e9s dans tout \u00e9quipement informatique appartenant ou sous-trait\u00e9 par le Propri\u00e9taire, d&#039;autres utilisateurs ou tout internaute.<\/p>\n\n\n\n<h2 class=\"wp-block-heading\">Mesures de s\u00e9curit\u00e9<\/h2>\n\n\n\n<p>Les donn\u00e9es personnelles fournies au Titulaire peuvent ou non \u00eatre stock\u00e9es dans des bases de donn\u00e9es automatis\u00e9es, leur propri\u00e9t\u00e9 correspond exclusivement au Titulaire, qui assume toutes les mesures techniques, organisationnelles et de s\u00e9curit\u00e9 garantissant la confidentialit\u00e9, l&#039;int\u00e9grit\u00e9 et la qualit\u00e9 des informations qu&#039;elles contiennent conform\u00e9ment avec la r\u00e9glementation en vigueur en mati\u00e8re de protection des donn\u00e9es.<br>Cependant, vous devez \u00eatre conscient des mesures de s\u00e9curit\u00e9 des syst\u00e8mes informatiques sur Internet, elles ne sont pas fiables et, par cons\u00e9quent, le Propri\u00e9taire ne peut garantir l&#039;absence de virus ou d&#039;autres \u00e9l\u00e9ments pouvant provoquer des alt\u00e9rations des syst\u00e8mes informatiques (logiciels et mat\u00e9riels) de l&#039;utilisateur ou dans ses documents et fichiers \u00e9lectroniques qui y sont contenus, m\u00eame si le Titulaire met tous les moyens n\u00e9cessaires et prend les mesures de s\u00e9curit\u00e9 appropri\u00e9es pour \u00e9viter la pr\u00e9sence de ces \u00e9l\u00e9ments dommageables.<\/p>\n\n\n\n<h2 class=\"wp-block-heading\">contenu<\/h2>\n\n\n\n<p>Le Titulaire a obtenu les informations, les contenus multim\u00e9dias et les \u00e9l\u00e9ments inclus sur le site Web \u00e0 partir de sources qu&#039;il estime fiables, mais bien qu&#039;il ait pris toutes les mesures raisonnables pour s&#039;assurer que les informations contenues sont correctes, le Titulaire ne garantit pas qu&#039;elles soient exactes. , complet ou mis \u00e0 jour. Le Propri\u00e9taire d\u00e9cline express\u00e9ment toute responsabilit\u00e9 en cas d&#039;erreur ou d&#039;omission dans les informations contenues sur les pages du site.<br>Il est interdit de transmettre ou d&#039;envoyer via le site Web tout contenu ill\u00e9gal ou illicite, virus informatiques ou messages qui, en g\u00e9n\u00e9ral, affectent ou violent les droits du Propri\u00e9taire ou de tiers.<br>Le contenu du site Web est uniquement \u00e0 titre informatif et ne doit en aucun cas \u00eatre utilis\u00e9 ou consid\u00e9r\u00e9 comme une offre de vente, une demande d&#039;offre d&#039;achat ou une recommandation pour effectuer toute autre op\u00e9ration, sauf indication expresse.<br>Le Titulaire se r\u00e9serve le droit de modifier, suspendre, annuler ou restreindre le contenu du Site Web, les liens ou les informations obtenues via le Site Web, sans pr\u00e9avis.<br>Le Propri\u00e9taire n&#039;est pas responsable des dommages pouvant d\u00e9couler de l&#039;utilisation des informations pr\u00e9sentes sur le Site Web.<\/p>\n\n\n\n<h2 class=\"wp-block-heading\">Politique de cookies<\/h2>\n\n\n\n<p>Le Titulaire obtient et stocke les informations suivantes sur les visiteurs du Site Internet :<\/p>\n\n\n\n<ul class=\"wp-block-list\">\n<li>Le nom de domaine (PSI) et\/ou l&#039;adresse IP du fournisseur qui lui donne acc\u00e8s au r\u00e9seau.<\/li>\n\n\n\n<li>La date et l&#039;heure d&#039;acc\u00e8s au site Internet.<\/li>\n\n\n\n<li>L&#039;adresse Internet source du lien qui dirige le site Web.<\/li>\n\n\n\n<li>Le nombre de visiteurs quotidiens dans chaque section.<\/li>\n\n\n\n<li>Les informations obtenues sont totalement anonymes et ne peuvent en aucun cas \u00eatre associ\u00e9es \u00e0 un utilisateur sp\u00e9cifique et identifi\u00e9.<\/li>\n<\/ul>\n\n\n\n<h2 class=\"wp-block-heading\">Liens vers d&#039;autres sites Web<\/h2>\n\n\n\n<p>Le Titulaire peut donner acc\u00e8s \u00e0 des sites Internet de tiers au moyen de liens dans le seul but d&#039;informer sur l&#039;existence d&#039;autres sources d&#039;informations sur Internet auxquelles il peut \u00e9largir les donn\u00e9es propos\u00e9es sur le Site.<br>Ces liens vers d&#039;autres sites Web ne constituent en aucun cas une suggestion ou une recommandation pour que vous visitiez les pages Web de destination, qui \u00e9chappent au contr\u00f4le du Titulaire, de sorte que le Titulaire n&#039;est pas responsable du contenu des sites Web li\u00e9s ou du r\u00e9sultat que obtenu en suivant les liens. De plus, le Titulaire n&#039;est pas responsable du ou des liens situ\u00e9s sur les sites Web li\u00e9s auxquels il donne acc\u00e8s.<br>L&#039;\u00e9tablissement du lien n&#039;implique en aucun cas l&#039;existence de relations entre le Titulaire et le propri\u00e9taire du site dans lequel le lien est \u00e9tabli, ni l&#039;acceptation ou l&#039;approbation par le Titulaire de ses contenus ou services.<br>Si vous acc\u00e9dez \u00e0 un site Web externe \u00e0 partir d&#039;un lien que vous trouvez sur le site Web, vous devez lire la politique de confidentialit\u00e9 de l&#039;autre site Web qui peut \u00eatre diff\u00e9rente de ce site Web.<\/p>\n\n\n\n<h2 class=\"wp-block-heading\">Propri\u00e9t\u00e9 intellectuelle et industrielle<\/h2>\n\n\n\n<p>Tous les droits sont r\u00e9serv\u00e9s.<br>Tout acc\u00e8s \u00e0 ce site est soumis aux conditions suivantes : la reproduction, le stockage permanent et la diffusion du contenu ou toute autre utilisation ayant un but public ou commercial sont express\u00e9ment interdites sans<br>consentement pr\u00e9alable et expr\u00e8s du titulaire de la propri\u00e9t\u00e9 intellectuelle et industrielle.<\/p>\n\n\n\n<h2 class=\"wp-block-heading\">Limitation de responsabilit\u00e9<\/h2>\n\n\n\n<p>Les informations et services inclus ou disponibles sur le site Web peuvent contenir des inexactitudes ou des erreurs typographiques. Le Propri\u00e9taire incorpore p\u00e9riodiquement des am\u00e9liorations et\/ou des modifications aux informations contenues et\/ou aux Services qu&#039;il peut introduire \u00e0 tout moment.<br>Le Titulaire ne d\u00e9clare ni ne garantit que les services ou le contenu seront interrompus ou qu&#039;ils seront exempts d&#039;erreurs, que les erreurs seront corrig\u00e9es, ou que le service ou le serveur qu&#039;il met \u00e0 disposition sera exempt de virus ou d&#039;autres composants nuisibles. sans pr\u00e9judice du fait que le Propri\u00e9taire met tout en \u0153uvre pour \u00e9viter ce type d&#039;incident.<br>Le Propri\u00e9taire d\u00e9cline toute responsabilit\u00e9 en cas d&#039;interruptions ou de dysfonctionnement des services ou contenus propos\u00e9s sur Internet, quelle qu&#039;en soit la cause. de m\u00eame Le Propri\u00e9taire n&#039;est pas responsable des pannes de r\u00e9seau, des pertes d&#039;affaires r\u00e9sultant de pannes, de suspensions temporaires de fluide \u00e9lectrique ou de tout autre type de dommages indirects pouvant \u00eatre caus\u00e9s par des causes ind\u00e9pendantes de la volont\u00e9 du Propri\u00e9taire.<br>Avant de prendre des d\u00e9cisions et\/ou des actions sur la base des informations incluses sur le Site Web, le Propri\u00e9taire vous recommande de v\u00e9rifier et de comparer les informations re\u00e7ues avec d&#039;autres sources.<\/p>\n\n\n\n<h2 class=\"wp-block-heading\">Juridiction<\/h2>\n\n\n\n<p>Cet avis juridique est enti\u00e8rement r\u00e9glement\u00e9 par la l\u00e9gislation espagnole.<br>Tant qu&#039;il n&#039;y a pas de r\u00e8gle qui impose autre chose, pour combien de questions se posent sur l&#039;interpr\u00e9tation, l&#039;application et le respect du pr\u00e9sent Avis L\u00e9gal, ainsi que sur les r\u00e9clamations qui peuvent d\u00e9couler de son utilisation, les parties conviennent que la juridiction applicable sera celle des cours et tribunaux de la province de Barcelone, renon\u00e7ant \u00e0 toute autre juridiction qui pourrait correspondre. <\/p>\n\n\n\n<h2 class=\"wp-block-heading\">contact<\/h2>\n\n\n\n<p>Si vous avez des questions sur les pr\u00e9sentes Mentions L\u00e9gales ou si vous souhaitez formuler des commentaires sur le Site Internet, vous pouvez envoyer un e-mail \u00e0 l&#039;adresse : <a href=\"mailto:club@clubcoc.cat\">club@clubcoc.cat  <\/a><\/p>\n\n\n\n<p><\/p>","protected":false},"excerpt":{"rendered":"<p>Identification et propri\u00e9t\u00e9 Conform\u00e9ment \u00e0 l&#039;article 10 de la loi 34\/2002 du 11 juillet [...]<\/p>","protected":false},"author":1,"featured_media":0,"parent":0,"menu_order":0,"comment_status":"closed","ping_status":"closed","template":"","meta":{"footnotes":""},"class_list":["post-253","page","type-page","status-publish","hentry"],"_links":{"self":[{"href":"https:\/\/www.inscripcions.clubcoc.cat\/fr\/wp-json\/wp\/v2\/pages\/253","targetHints":{"allow":["GET"]}}],"collection":[{"href":"https:\/\/www.inscripcions.clubcoc.cat\/fr\/wp-json\/wp\/v2\/pages"}],"about":[{"href":"https:\/\/www.inscripcions.clubcoc.cat\/fr\/wp-json\/wp\/v2\/types\/page"}],"author":[{"embeddable":true,"href":"https:\/\/www.inscripcions.clubcoc.cat\/fr\/wp-json\/wp\/v2\/users\/1"}],"replies":[{"embeddable":true,"href":"https:\/\/www.inscripcions.clubcoc.cat\/fr\/wp-json\/wp\/v2\/comments?post=253"}],"version-history":[{"count":2,"href":"https:\/\/www.inscripcions.clubcoc.cat\/fr\/wp-json\/wp\/v2\/pages\/253\/revisions"}],"predecessor-version":[{"id":3010,"href":"https:\/\/www.inscripcions.clubcoc.cat\/fr\/wp-json\/wp\/v2\/pages\/253\/revisions\/3010"}],"wp:attachment":[{"href":"https:\/\/www.inscripcions.clubcoc.cat\/fr\/wp-json\/wp\/v2\/media?parent=253"}],"curies":[{"name":"wp","href":"https:\/\/api.w.org\/{rel}","templated":true}]}}