{"id":277,"date":"2023-12-03T20:27:38","date_gmt":"2023-12-03T21:27:38","guid":{"rendered":"https:\/\/www.inscripcions.clubcoc.cat\/?page_id=277"},"modified":"2023-12-11T06:00:52","modified_gmt":"2023-12-11T07:00:52","slug":"politica-de-privadesa","status":"publish","type":"page","link":"https:\/\/www.inscripcions.clubcoc.cat\/fr\/politica-de-privadesa\/","title":{"rendered":"Politique de protection des donn\u00e9es et de confidentialit\u00e9"},"content":{"rendered":"<h2 class=\"wp-block-heading\">qui nous sommes<\/h2>\n\n\n\n<p>Notre adresse Web est : https:\/\/www.inscripcions.clubcoc.cat.<\/p>\n\n\n\n<h2 class=\"wp-block-heading\">Protection des donn\u00e9es<\/h2>\n\n\n\n<p>Donn\u00e9es Donn\u00e9es du responsable du traitement\u00a0:<br>Identit\u00e9 : Club d\u2019Orientation Catalunya \u2013 NIF : G59943829<br>Adresse postale : c\/ Tenor Masini, 93 E 5to A 08028 BARCELONE<br>T\u00e9l\u00e9phone : +34 672450126 \u2013 Email : club@clubcoc.cat<br><br><\/p>\n\n\n\n<p>&quot;Au Club courses d&#039;orientation Catalunya, nous traitons les informations que vous nous fournissez dans le but de vous fournir le service demand\u00e9 et d&#039;effectuer votre facturation. Les donn\u00e9es fournies seront conserv\u00e9es aussi longtemps que la relation commerciale est maintenue ou pendant le temps n\u00e9cessaire pour respecter les obligations l\u00e9gales et assumer les \u00e9ventuelles responsabilit\u00e9s qui pourraient d\u00e9couler de la r\u00e9alisation de la finalit\u00e9 pour laquelle les donn\u00e9es ont \u00e9t\u00e9 collect\u00e9es. Les donn\u00e9es ne seront pas c\u00e9d\u00e9es \u00e0 des tiers sauf dans les cas o\u00f9 il existe une obligation l\u00e9gale. Vous avez le droit d&#039;obtenir des informations sur le traitement de vos donn\u00e9es personnelles par Club Curses d&#039;orientation Catalunya, afin que vous puissiez exercer vos droits d&#039;acc\u00e8s, de rectification, de suppression et de portabilit\u00e9 des donn\u00e9es et d&#039;opposition et de limitation \u00e0 leur traitement aupr\u00e8s de Club Curses d&#039;orientation Catalunya, c\/ Tenor Masini, 93 E 5to A 08028 BARCELONA ou \u00e0 l&#039;adresse e-mail club@clubcoc.cat, en joignant une copie de votre DNI ou document \u00e9quivalent. De m\u00eame, et surtout si vous estimez que vous n&#039;avez pas obtenu pleine satisfaction dans l&#039;exercice de vos droits, vous pouvez introduire une r\u00e9clamation aupr\u00e8s de l&#039;autorit\u00e9 nationale de contr\u00f4le en vous adressant \u00e0 l&#039;Agence espagnole de protection des donn\u00e9es, C\/ Jorge Juan, 6 \u2013 28001 Madrid.<br>De m\u00eame, nous demandons votre autorisation pour vous proposer des produits et services li\u00e9s \u00e0 ceux contract\u00e9s et pour vous retenir en tant que client.<\/p>\n\n\n\n<p><\/p>","protected":false},"excerpt":{"rendered":"<p>Qui nous sommes Notre adresse Web est : https:\/\/www.inscripcions.clubcoc.cat. Protection des donn\u00e9es Donn\u00e9es Donn\u00e9es du responsable [\u2026]<\/p>","protected":false},"author":1,"featured_media":0,"parent":0,"menu_order":0,"comment_status":"closed","ping_status":"closed","template":"","meta":{"footnotes":""},"class_list":["post-277","page","type-page","status-publish","hentry"],"_links":{"self":[{"href":"https:\/\/www.inscripcions.clubcoc.cat\/fr\/wp-json\/wp\/v2\/pages\/277","targetHints":{"allow":["GET"]}}],"collection":[{"href":"https:\/\/www.inscripcions.clubcoc.cat\/fr\/wp-json\/wp\/v2\/pages"}],"about":[{"href":"https:\/\/www.inscripcions.clubcoc.cat\/fr\/wp-json\/wp\/v2\/types\/page"}],"author":[{"embeddable":true,"href":"https:\/\/www.inscripcions.clubcoc.cat\/fr\/wp-json\/wp\/v2\/users\/1"}],"replies":[{"embeddable":true,"href":"https:\/\/www.inscripcions.clubcoc.cat\/fr\/wp-json\/wp\/v2\/comments?post=277"}],"version-history":[{"count":0,"href":"https:\/\/www.inscripcions.clubcoc.cat\/fr\/wp-json\/wp\/v2\/pages\/277\/revisions"}],"wp:attachment":[{"href":"https:\/\/www.inscripcions.clubcoc.cat\/fr\/wp-json\/wp\/v2\/media?parent=277"}],"curies":[{"name":"wp","href":"https:\/\/api.w.org\/{rel}","templated":true}]}}